{"id":93,"date":"2024-05-09T19:35:09","date_gmt":"2024-05-09T19:35:09","guid":{"rendered":"https:\/\/conciliacionfesintribunales.com\/ia\/?page_id=93"},"modified":"2024-05-09T19:58:26","modified_gmt":"2024-05-09T19:58:26","slug":"preguntas-frecuentes-arbitraje","status":"publish","type":"page","link":"https:\/\/conciliacionfesintribunales.com\/ia\/preguntas-frecuentes-arbitraje\/","title":{"rendered":"Preguntas Frecuentes: Arbitraje"},"content":{"rendered":"\n<p><strong>\u00bfQU\u00c9 ES EL ARBITRAJE?<\/strong><br>Es un medio de soluci\u00f3n de controversias distinto al proceso judicial, por el cual las partes se someten a la decisi\u00f3n de un tercero, que en este caso es el \u00e1rbitro, quien es responsable de dar soluci\u00f3n a la disputa.<\/p>\n\n\n\n<p><strong>\u00bfQU\u00c9 ES EL CENTRO EL CENTRO DE ARBITRAJE FE SIN TRIBUNALES<\/strong><br>Es una instituci\u00f3n arbitral, conformada por personal id\u00f3neo con experiencia y especializaci\u00f3n en la materia, la cual garantiza una correcta resoluci\u00f3n de su conflicto.<br>\u00bfEN QU\u00c9 SE DIFERENCIA EL ARBITRAJE Y LA CONCILIACI\u00d3N?<br>En el arbitraje, es un tercero imparcial -el \u00e1rbitro- quien define la controversia a trav\u00e9s de un laudo arbitral, que es una suerte de sentencia, definitiva e inapelable; en cambio, en la conciliaci\u00f3n, el tercero -llamado conciliador- no tiene facultad para resolver el conflicto, solamente hace sus mejores esfuerzos para que las partes lleguen a un entendimiento.<\/p>\n\n\n\n<p><strong>\u00bfQU\u00c9 SERVICIOS OFRECE EL CENTRO DE ARBITRAJE FE SIN TRIBUNALES?<\/strong><br>Todos los necesarios para la adecuada administraci\u00f3n de los procesos arbitrales. Entre ellos:<br>&#8211;  Designaci\u00f3n de \u00e1rbitros cuando las partes lo soliciten<br>&#8211;  Tr\u00e1mite de los escritos y comunicaciones referidos al proceso arbitral<br>&#8211;  Organizaci\u00f3n y asistencia a los \u00e1rbitros durante las audiencias<br>&#8211;  Desarrollo de estudios e informes, as\u00ed como de propuestas para el perfeccionamiento de los mecanismos alternativos de soluci\u00f3n de controversias<br>&#8211;  Sistema de seguimiento virtual de expedientes que permite a las partes y \u00e1rbitros revisar en tiempo real el estado de sus procesos<br> &#8211; Adecuada infraestructura para el desarrollo del arbitraje<\/p>\n\n\n\n<p><strong>\u00bfQu\u00e9 diferencia existe entre un arbitraje de derecho y uno de conciencia?<\/strong><br>En el arbitraje de derecho, los \u00e1rbitros son abogados y resuelven los conflictos en un marco legal; mientras que en el arbitraje de conciencia, los \u00e1rbitros, pueden ser t\u00e9cnicos o profesionales de otros campos y resuelven las controversias conforme su leal saber y entender, pero bas\u00e1ndose en principios y formas del debido proceso.<br><br><strong>\u00bfQu\u00e9 es un convenio arbitral?<\/strong><br>Es un acuerdo de voluntades por el que las partes deciden someter a arbitraje sus controversias. De ese modo, las partes renuncian a acudir a la justicia estatal, representada por el Poder Judicial.<\/p>\n\n\n\n<p><strong>\u00bfQu\u00e9 formalidades debe cumplir un convenio arbitral?<\/strong><br>El convenio arbitral se celebra por escrito en un contrato o en cualquier documento que deje constancia de la voluntad de las partes de someter sus conflictos a un arbitraje.<\/p>\n\n\n\n<p><strong>\u00bfPUEDO DESCONOCER UN CONVENIO ARBITRAL SUSCRITO Y ACUDIR AL PODER JUDICIAL?<\/strong><br>No se puede. Si se suscribi\u00f3 un convenio arbitral, las partes est\u00e1n en la obligaci\u00f3n de respetarlo. Ante el incumplimiento de alguna de ellas, el \u00e1rbitro est\u00e1 facultado para continuar con el procedimiento incluso sin la participaci\u00f3n de aquella que desconoce el convenio arbitral.<\/p>\n\n\n\n<p><strong>\u00bfQU\u00c9 VENTAJAS OFRECE EL ARBITRAJE FRENTE AL PODER JUDICIAL?<\/strong><br>La rapidez en la obtenci\u00f3n de la soluci\u00f3n a la controversia, la especialidad profesional de los \u00e1rbitros para dirimir controversias determinadas, la facultad de las partes de poder designar a sus \u00e1rbitros garantizando la imparcialidad del proceso, adem\u00e1s de reglas y procedimientos flexibles y estandarizados internacionalmente, los cuales pueden ser adaptados para satisfacer las necesidades de cada proceso arbitral.<br><br><strong>\u00bfQU\u00c9 ES UN ARBITRAJE INSTITUCIONAL?<\/strong><br>Es aquel cuya administraci\u00f3n est\u00e1 a cargo de una instituci\u00f3n arbitral como es el caso del Centro DE ARBITRAJE FE SIN TRIBUNALES; el cual cuenta con Reglamentos Arbitrales propios, personal calificado, moderna infraestructura y tecnolog\u00eda puesta al servicio de los \u00e1rbitros y las partes.<br><br><strong>\u00bfQU\u00c9 ES UN ARBITRAJE AD-HOC?<\/strong><br>A diferencia de un arbitraje institucional, es aquel proceso cuya administraci\u00f3n y desarrollo no ha sido encomendado a una instituci\u00f3n arbitral, sino que es conducido a voluntad de las partes, quienes en concurrencia de los \u00e1rbitros, fijan sus propias reglas.<br><br><strong>\u00bfCONVIENE PACTAR UN ARBITRAJE INSTITUCIONAL O UN ARBITRAJE AD-HOC?<\/strong><br>Recomendamos siempre un arbitraje institucional porque tiene reglas predecibles para las partes, regula situaciones diversas que un arbitraje ad-hoc no prev\u00e9, evita acudir al Poder Judicial a lo largo del proceso y cuenta con la experiencia y especializaci\u00f3n propia de la instituci\u00f3n.<br>\u00bfQU\u00c9 TIPO DE CONTROVERSIAS PUEDO SOMETER A UN ARBITRAJE?<br>En general, todos los conflictos de \u00edndole patrimonial o empresarial son arbitrables, salvo aquellas que expresamente est\u00e1n excluidas por la Ley General de Arbitraje (Ley N\u00ba 26572), por cuanto se trata de derechos indispensables o irrenunciables.<\/p>\n\n\n\n<p><strong>\u00bfCU\u00c1NTO ME CUESTA UN ARBITRAJE?<\/strong><br>El costo de un arbitraje depende del monto que se quiera demandar. Para calcular los gastos contamos con una Tabla de Aranceles, la misma que se encuentra disponible a aqu\u00ed en nuestra p\u00e1gina o puede solicitarse directamente en las instalaciones del Centro Arbitraje FE SIN TRIBUNALES o llamando al n\u00famero de celular de la entidad.<\/p>\n\n\n\n<p><strong>\u00bfQUI\u00c9N DESIGNAR\u00c1 A LOS \u00c1RBITROS RESPONSABLES DE RESOLVER MI CONFLICTO?<\/strong><br>La designaci\u00f3n de los \u00e1rbitros depende de lo acordado por las partes. El Tribunal Arbitral puede tratarse de un \u00e1rbitro \u00fanico o de un cuerpo colegiado, usualmente compuesto por tres \u00e1rbitros. Sin embargo, en caso de no lograr acuerdo alguno sobre el nombre de los \u00e1rbitros, el Reglamento Arbitral del Centro Arbitraje FE SIN TRIBUNALES , establece que ser\u00e1 el Consejo Superior de Arbitraje quien designe a los \u00e1rbitros.<br>\u00bfQU\u00c9 ES EL CONSEJO SUPERIOR DE ARBITRAJE?<br>Es el \u00f3rgano administrativo rector del Centro Arbitraje FE SIN TRIBUNALES. Est\u00e1 encargado de cumplir y hacer cumplir los Reglamentos Arbitrales del Centro, as\u00ed como de resolver los incidentes que pudieran ocurrir al interior del proceso, como por ejemplo, la designaci\u00f3n de \u00e1rbitros, resolver la recusaci\u00f3n contra un \u00e1rbitro, entre otras funciones.<\/p>\n\n\n\n<p><strong>\u00bfQU\u00c9 ES UN LAUDO?<\/strong><br>Es la decisi\u00f3n del Tribunal Arbitral que pone fin al arbitraje. Es definitiva e inapelable, salvo acuerdo contrario de las partes. \u00c9ste tiene valor de cosa juzgada y se ejecutar\u00e1 como una sentencia judicial.<\/p>\n\n\n\n<p><strong>\u00bfUN LAUDO ES IGUAL QUE UNA SENTENCIA?<\/strong><\/p>\n\n\n\n<p>En cuanto a sus efectos, un laudo arbitral es equivalente a una sentencia judicial definitiva, en el sentido que es posible de ser exigido como una sentencia.<\/p>\n\n\n\n<p><strong>\u00bfQU\u00c9 HAGO SI MI CONTRAPARTE NO QUIERE CUMPLIR CON LO ORDENADO EN UN LAUDO?<\/strong><br>Acudir al Poder Judicial de tal manera que el juez, de manera expeditiva y sin mayor costo, ordene cumplir el laudo de la misma forma que si se tratara de una sentencia judicial.<br>Entonces,&nbsp;<strong>\u00bfQU\u00c9 DEBO HACER PARA QUE MIS CONFLICTOS SEAN RESUELTOS POR EL CENTRO DE ARBITRAJE FE SIN TRIBUNALES?<\/strong><br>Incluir en sus contratos privados o p\u00fablicos la cl\u00e1usula arbitral modelo sugerida por el Centro, Si las partes no hubieran pactado sometimiento expreso a la administraci\u00f3n del Centro, tambi\u00e9n es factible que su controversia sea resuelta en un arbitraje ejecutado por nuestra instituci\u00f3n. Para ello, ambas partes deber\u00e1n acordar dicho sometimiento.<br><br><strong>\u00bfQUE ES UNA CLAUSULA ARBITRAL?<\/strong><br>Es un acuerdo entre ambas partes que deciden incluir dentro de su contrato \/ convenio acudir a un centro de arbitraje institucional para la soluci\u00f3n de sus diferencias. Ejemplo<br>\u00abTodas las controversias, derivadas o relacionadas con este contrato o convenio, ser\u00e1n resueltas de forma definitiva mediante arbitraje de acuerdo con el Reglamento de Arbitraje del Centro de Arbitraje FE SIN TRIBUNALES, a cuyas normas, administraci\u00f3n y decisi\u00f3n se someten las partes en forma incondicional, declarando conocerlas y aceptarlas en su integridad\u00bb<\/p>\n\n\n\n<figure class=\"wp-block-image size-large\"><img loading=\"lazy\" decoding=\"async\" width=\"1001\" height=\"1024\" src=\"https:\/\/conciliacionfesintribunales.com\/ia\/wp-content\/uploads\/2024\/05\/pngwing.com-8-1001x1024.png\" alt=\"\" class=\"wp-image-94\" srcset=\"https:\/\/conciliacionfesintribunales.com\/ia\/wp-content\/uploads\/2024\/05\/pngwing.com-8-1001x1024.png 1001w, https:\/\/conciliacionfesintribunales.com\/ia\/wp-content\/uploads\/2024\/05\/pngwing.com-8-293x300.png 293w, https:\/\/conciliacionfesintribunales.com\/ia\/wp-content\/uploads\/2024\/05\/pngwing.com-8-768x786.png 768w, https:\/\/conciliacionfesintribunales.com\/ia\/wp-content\/uploads\/2024\/05\/pngwing.com-8-1501x1536.png 1501w, https:\/\/conciliacionfesintribunales.com\/ia\/wp-content\/uploads\/2024\/05\/pngwing.com-8-2001x2048.png 2001w\" sizes=\"auto, (max-width: 1001px) 100vw, 1001px\" \/><\/figure>\n","protected":false},"excerpt":{"rendered":"<p>\u00bfQU\u00c9 ES EL ARBITRAJE?Es un medio de soluci\u00f3n de controversias distinto al proceso judicial, por el cual las partes se someten a la decisi\u00f3n de un tercero, que en este caso es el \u00e1rbitro, quien es responsable de dar soluci\u00f3n a la disputa. \u00bfQU\u00c9 ES EL CENTRO EL CENTRO DE ARBITRAJE FE SIN TRIBUNALESEs una [&hellip;]<\/p>\n","protected":false},"author":1,"featured_media":0,"parent":0,"menu_order":0,"comment_status":"closed","ping_status":"closed","template":"templates\/template-page-full-width.php","meta":{"_monsterinsights_skip_tracking":false,"_monsterinsights_sitenote_active":false,"_monsterinsights_sitenote_note":"","_monsterinsights_sitenote_category":0,"footnotes":""},"class_list":["post-93","page","type-page","status-publish","hentry"],"aioseo_notices":[],"_links":{"self":[{"href":"https:\/\/conciliacionfesintribunales.com\/ia\/wp-json\/wp\/v2\/pages\/93","targetHints":{"allow":["GET"]}}],"collection":[{"href":"https:\/\/conciliacionfesintribunales.com\/ia\/wp-json\/wp\/v2\/pages"}],"about":[{"href":"https:\/\/conciliacionfesintribunales.com\/ia\/wp-json\/wp\/v2\/types\/page"}],"author":[{"embeddable":true,"href":"https:\/\/conciliacionfesintribunales.com\/ia\/wp-json\/wp\/v2\/users\/1"}],"replies":[{"embeddable":true,"href":"https:\/\/conciliacionfesintribunales.com\/ia\/wp-json\/wp\/v2\/comments?post=93"}],"version-history":[{"count":2,"href":"https:\/\/conciliacionfesintribunales.com\/ia\/wp-json\/wp\/v2\/pages\/93\/revisions"}],"predecessor-version":[{"id":96,"href":"https:\/\/conciliacionfesintribunales.com\/ia\/wp-json\/wp\/v2\/pages\/93\/revisions\/96"}],"wp:attachment":[{"href":"https:\/\/conciliacionfesintribunales.com\/ia\/wp-json\/wp\/v2\/media?parent=93"}],"curies":[{"name":"wp","href":"https:\/\/api.w.org\/{rel}","templated":true}]}}